{"id":127,"date":"2024-10-31T19:34:05","date_gmt":"2024-10-31T19:34:05","guid":{"rendered":"https:\/\/www.adelphi.edu\/bhise\/about\/the-bhise-story\/"},"modified":"2024-12-09T19:11:31","modified_gmt":"2024-12-09T19:11:31","slug":"the-bhise-story","status":"publish","type":"page","link":"https:\/\/www.adelphi.edu\/bhise\/about\/the-bhise-story\/","title":{"rendered":"The Bhis\u00e9 Story"},"content":{"rendered":"<p>The BCGU is focused on issues such the reversal of de-globalization and the significance of repressed narratives in history and public discourses.\u00a0 It supports <a href=\"https:\/\/www.adelphi.edu\/bhise\/courses\/\">curriculum development<\/a>, a lecture series, student and faculty research, faculty fellowships, and the annual <a href=\"https:\/\/www.adelphi.edu\/bhise\/bhise-global-learning-experience\/\">Bhis\u00e9 Global Learning Experience<\/a> study abroad program.<\/p>\n<div id=\"attachment_131\" class=\"wp-caption aligncenter\"><img loading=\"lazy\" decoding=\"async\" aria-describedby=\"caption-attachment-131\" class=\"wp-image-131 size-large\" src=\"https:\/\/www.adelphi.edu\/bhise\/wp-content\/uploads\/sites\/127\/2024\/10\/Bharat-Bhise\u0301-MBA-78-and-Swati-Bhise\u0301-1024x683.png\" alt=\"Bharat Bhis\u00e9 MBA \u201978 and his wife, Swati Bhis\u00e9 at Adelphi University\" width=\"1024\" height=\"683\" srcset=\"https:\/\/www.adelphi.edu\/bhise\/wp-content\/uploads\/sites\/127\/2024\/10\/Bharat-Bhise\u0301-MBA-78-and-Swati-Bhise\u0301-1024x683.png 1024w, https:\/\/www.adelphi.edu\/bhise\/wp-content\/uploads\/sites\/127\/2024\/10\/Bharat-Bhise\u0301-MBA-78-and-Swati-Bhise\u0301-300x200.png 300w, https:\/\/www.adelphi.edu\/bhise\/wp-content\/uploads\/sites\/127\/2024\/10\/Bharat-Bhise\u0301-MBA-78-and-Swati-Bhise\u0301-768x512.png 768w, https:\/\/www.adelphi.edu\/bhise\/wp-content\/uploads\/sites\/127\/2024\/10\/Bharat-Bhise\u0301-MBA-78-and-Swati-Bhise\u0301-1536x1025.png 1536w, https:\/\/www.adelphi.edu\/bhise\/wp-content\/uploads\/sites\/127\/2024\/10\/Bharat-Bhise\u0301-MBA-78-and-Swati-Bhise\u0301-2048x1366.png 2048w, https:\/\/www.adelphi.edu\/bhise\/wp-content\/uploads\/sites\/127\/2024\/10\/Bharat-Bhise\u0301-MBA-78-and-Swati-Bhise\u0301-500x334.png 500w, https:\/\/www.adelphi.edu\/bhise\/wp-content\/uploads\/sites\/127\/2024\/10\/Bharat-Bhise\u0301-MBA-78-and-Swati-Bhise\u0301-740x494.png 740w, https:\/\/www.adelphi.edu\/bhise\/wp-content\/uploads\/sites\/127\/2024\/10\/Bharat-Bhise\u0301-MBA-78-and-Swati-Bhise\u0301-980x654.png 980w, https:\/\/www.adelphi.edu\/bhise\/wp-content\/uploads\/sites\/127\/2024\/10\/Bharat-Bhise\u0301-MBA-78-and-Swati-Bhise\u0301-1220x814.png 1220w, https:\/\/www.adelphi.edu\/bhise\/wp-content\/uploads\/sites\/127\/2024\/10\/Bharat-Bhise\u0301-MBA-78-and-Swati-Bhise\u0301-1440x960.png 1440w\" sizes=\"(max-width: 1024px) 100vw, 1024px\" \/><p id=\"caption-attachment-131\" class=\"wp-caption-text\">Swati and Bharat Bhis\u00e9 MBA \u201978 are excited to partner with Adelphi to create thoughtful and ethical global leaders.<\/p><\/div>\n<p>Mr. Bhis\u00e9 has created and led several global transportation and finance companies on three continents during which he has developed a first-hand understanding of global (mis)communications. Mr. Bhis\u00e9 credits Adelphi University as the first step in his career.<\/p>\n<p>Swati Bhis\u00e9 is an Indian classical dancer and theater performer, scholar, educator, film producer and director and Artist in Residence for Lincoln Center for 25 years.\u00a0 She has had many prominent performances in the United States, including the opening of the 40 th anniversary of the U.N. General Assembly in 1985.\u00a0 She has received Asia Society\u2019s Game Changer Award for 2023. Mrs. Bhis\u00e9 currently teaches women\u2019s empowerment seminars at the University of Nevada, Las Vegas.<\/p>\n<p>Together, Mr. and Mrs. Bhis\u00e9 have been lifelong supporters of various causes, especially gender and racial equality. Additionally, the couple has a deep commitment to global relations, and they intend for the Bhis\u00e9 Center for Global Understanding to <a href=\"https:\/\/www.adelphi.edu\/giving\/societies\/eighteen-ninety-six-roundtable\/million-dollar-roundtable\/\">making a lasting impact on Adelphi students<\/a> and to educate the next generation of global thinkers and leaders.<\/p>\n","protected":false},"excerpt":{"rendered":"<p>The BCGU is focused on issues such the reversal of de-globalization and the significance of repressed narratives in history and public discourses.\u00a0 It supports curriculum development, a lecture series, student and faculty research, faculty fellowships, and the annual Bhis\u00e9 Global Learning Experience study abroad program. Mr. Bhis\u00e9 has created and led several global transportation and&hellip;<\/p>\n","protected":false},"author":9,"featured_media":0,"parent":125,"menu_order":0,"comment_status":"closed","ping_status":"closed","template":"","meta":{"footnotes":""},"class_list":["post-127","page","type-page","status-publish","hentry"],"acf":[],"yoast_head":"<title>The Bhis\u00e9 Story | Bhis\u00e9 Center for Global Understanding<\/title>\n<meta name=\"description\" content=\"Get to know Bharat Bhis\u00e9 MBA \u201978 and his wife, Swati Bhis\u00e9, who have brought a philosophy of global understanding to Adelphi Univrsity.\" \/>\n<meta name=\"robots\" content=\"index, follow, max-snippet:-1, max-image-preview:large, max-video-preview:-1\" \/>\n<link rel=\"canonical\" href=\"https:\/\/www.adelphi.edu\/bhise\/about\/the-bhise-story\/\" \/>\n<meta property=\"og:locale\" content=\"en_US\" \/>\n<meta property=\"og:type\" content=\"article\" \/>\n<meta property=\"og:title\" content=\"The Bhis\u00e9 Story | Bhis\u00e9 Center for Global Understanding\" \/>\n<meta property=\"og:description\" content=\"Get to know Bharat Bhis\u00e9 MBA \u201978 and his wife, Swati Bhis\u00e9, who have brought a philosophy of global understanding to Adelphi Univrsity.\" \/>\n<meta property=\"og:url\" content=\"https:\/\/www.adelphi.edu\/bhise\/about\/the-bhise-story\/\" \/>\n<meta property=\"og:site_name\" content=\"Bhis\u00e9 Center for Global Understanding\" \/>\n<meta property=\"article:modified_time\" content=\"2024-12-09T19:11:31+00:00\" \/>\n<meta property=\"og:image\" content=\"https:\/\/www.adelphi.edu\/bhise\/wp-content\/uploads\/sites\/127\/2024\/10\/Bharat-Bhise\u0301-MBA-78-and-Swati-Bhise\u0301-1024x683.png\" \/>\n\t<meta property=\"og:image:width\" content=\"1024\" \/>\n\t<meta property=\"og:image:height\" content=\"683\" \/>\n\t<meta property=\"og:image:type\" content=\"image\/png\" \/>\n<meta name=\"twitter:card\" content=\"summary_large_image\" \/>\n<meta name=\"twitter:label1\" content=\"Est. reading time\" \/>\n\t<meta name=\"twitter:data1\" content=\"2 minutes\" \/>","yoast_head_json":{"title":"The Bhis\u00e9 Story | Bhis\u00e9 Center for Global Understanding","description":"Get to know Bharat Bhis\u00e9 MBA \u201978 and his wife, Swati Bhis\u00e9, who have brought a philosophy of global understanding to Adelphi Univrsity.","robots":{"index":"index","follow":"follow","max-snippet":"max-snippet:-1","max-image-preview":"max-image-preview:large","max-video-preview":"max-video-preview:-1"},"canonical":"https:\/\/www.adelphi.edu\/bhise\/about\/the-bhise-story\/","og_locale":"en_US","og_type":"article","og_title":"The Bhis\u00e9 Story | Bhis\u00e9 Center for Global Understanding","og_description":"Get to know Bharat Bhis\u00e9 MBA \u201978 and his wife, Swati Bhis\u00e9, who have brought a philosophy of global understanding to Adelphi Univrsity.","og_url":"https:\/\/www.adelphi.edu\/bhise\/about\/the-bhise-story\/","og_site_name":"Bhis\u00e9 Center for Global Understanding","article_modified_time":"2024-12-09T19:11:31+00:00","og_image":[{"width":1024,"height":683,"url":"https:\/\/www.adelphi.edu\/bhise\/wp-content\/uploads\/sites\/127\/2024\/10\/Bharat-Bhise\u0301-MBA-78-and-Swati-Bhise\u0301-1024x683.png","type":"image\/png"}],"twitter_card":"summary_large_image","twitter_misc":{"Est. reading time":"2 minutes"},"schema":{"@context":"https:\/\/schema.org","@graph":[{"@type":"WebPage","@id":"https:\/\/www.adelphi.edu\/bhise\/about\/the-bhise-story\/","url":"https:\/\/www.adelphi.edu\/bhise\/about\/the-bhise-story\/","name":"The Bhis\u00e9 Story | Bhis\u00e9 Center for Global Understanding","isPartOf":{"@id":"https:\/\/www.adelphi.edu\/bhise\/#website"},"datePublished":"2024-10-31T19:34:05+00:00","dateModified":"2024-12-09T19:11:31+00:00","description":"Get to know Bharat Bhis\u00e9 MBA \u201978 and his wife, Swati Bhis\u00e9, who have brought a philosophy of global understanding to Adelphi Univrsity.","breadcrumb":{"@id":"https:\/\/www.adelphi.edu\/bhise\/about\/the-bhise-story\/#breadcrumb"},"inLanguage":"en-US","potentialAction":[{"@type":"ReadAction","target":["https:\/\/www.adelphi.edu\/bhise\/about\/the-bhise-story\/"]}]},{"@type":"BreadcrumbList","@id":"https:\/\/www.adelphi.edu\/bhise\/about\/the-bhise-story\/#breadcrumb","itemListElement":[{"@type":"ListItem","position":1,"name":"Home","item":"https:\/\/www.adelphi.edu\/bhise\/"},{"@type":"ListItem","position":2,"name":"About the Center","item":"https:\/\/www.adelphi.edu\/bhise\/about\/"},{"@type":"ListItem","position":3,"name":"The Bhis\u00e9 Story"}]},{"@type":"WebSite","@id":"https:\/\/www.adelphi.edu\/bhise\/#website","url":"https:\/\/www.adelphi.edu\/bhise\/","name":"Bhis\u00e9 Center for Global Understanding","description":"","potentialAction":[{"@type":"SearchAction","target":{"@type":"EntryPoint","urlTemplate":"https:\/\/www.adelphi.edu\/bhise\/?s={search_term_string}"},"query-input":{"@type":"PropertyValueSpecification","valueRequired":true,"valueName":"search_term_string"}}],"inLanguage":"en-US"}]}},"new_scheduled_revision":"","save_as_revision":"","_links":{"self":[{"href":"https:\/\/www.adelphi.edu\/bhise\/wp-json\/wp\/v2\/pages\/127"}],"collection":[{"href":"https:\/\/www.adelphi.edu\/bhise\/wp-json\/wp\/v2\/pages"}],"about":[{"href":"https:\/\/www.adelphi.edu\/bhise\/wp-json\/wp\/v2\/types\/page"}],"author":[{"embeddable":true,"href":"https:\/\/www.adelphi.edu\/bhise\/wp-json\/wp\/v2\/users\/9"}],"replies":[{"embeddable":true,"href":"https:\/\/www.adelphi.edu\/bhise\/wp-json\/wp\/v2\/comments?post=127"}],"version-history":[{"count":10,"href":"https:\/\/www.adelphi.edu\/bhise\/wp-json\/wp\/v2\/pages\/127\/revisions"}],"predecessor-version":[{"id":353,"href":"https:\/\/www.adelphi.edu\/bhise\/wp-json\/wp\/v2\/pages\/127\/revisions\/353"}],"up":[{"embeddable":true,"href":"https:\/\/www.adelphi.edu\/bhise\/wp-json\/wp\/v2\/pages\/125"}],"wp:attachment":[{"href":"https:\/\/www.adelphi.edu\/bhise\/wp-json\/wp\/v2\/media?parent=127"}],"curies":[{"name":"wp","href":"https:\/\/api.w.org\/{rel}","templated":true}]}}